{"id":530,"date":"2017-12-21T12:57:11","date_gmt":"2017-12-21T11:57:11","guid":{"rendered":"http:\/\/calvy.ch\/en\/?page_id=530"},"modified":"2026-03-05T15:52:52","modified_gmt":"2026-03-05T14:52:52","slug":"contact-us","status":"publish","type":"page","link":"https:\/\/calvy.ch\/en\/contact-us\/","title":{"rendered":"Contact us"},"content":{"rendered":"<p>[et_pb_section fb_built=&#8221;1&#8243; fullwidth=&#8221;on&#8221; _builder_version=&#8221;3.0.47&#8243;][et_pb_fullwidth_image src=&#8221;http:\/\/calvy.ch\/wp-content\/uploads\/contact.jpg&#8221; animation=&#8221;off&#8221; _builder_version=&#8221;3.0.53&#8243;]<\/p>\n<p>\u00a0<\/p>\n<p>[\/et_pb_fullwidth_image][\/et_pb_section][et_pb_section fb_built=&#8221;1&#8243; _builder_version=&#8221;3.0.47&#8243;][et_pb_row custom_padding=&#8221;||0px|&#8221; background_position_1=&#8221;top_left&#8221; background_repeat_1=&#8221;no-repeat&#8221; _builder_version=&#8221;3.0.53&#8243;][et_pb_column type=&#8221;4_4&#8243; _builder_version=&#8221;3.0.47&#8243; parallax=&#8221;off&#8221; parallax_method=&#8221;on&#8221; background_position=&#8221;top_left&#8221; background_repeat=&#8221;no-repeat&#8221;][et_pb_text _builder_version=&#8221;3.0.53&#8243;]<\/p>\n<p>\u00a0<\/p>\n<h1>Contact us<\/h1>\n<p>\u00a0<\/p>\n<p>[\/et_pb_text][\/et_pb_column][\/et_pb_row][et_pb_row _builder_version=&#8221;3.0.47&#8243; background_size=&#8221;initial&#8221; background_position=&#8221;top_left&#8221; background_repeat=&#8221;repeat&#8221;][et_pb_column type=&#8221;1_3&#8243; _builder_version=&#8221;3.0.47&#8243; parallax=&#8221;off&#8221; parallax_method=&#8221;on&#8221;][et_pb_text _builder_version=&#8221;3.0.53&#8243; text_font_size=&#8221;20&#8243; text_line_height=&#8221;1.8em&#8221;]<\/p>\n<p>\u00a0<\/p>\n<p>\u00a0<\/p>\n<p>H\u00f4tel Calvy<\/p>\n<p>5, ruelle du Midi<\/p>\n<p>1207 Gen\u00e8ve<\/p>\n<p>T\u00e9l +<a href=\"tel:+41227181616\">41.22 718.16.16<\/a><\/p>\n<p>Fax +41.22 718.16.70<\/p>\n<p>\u00a0<\/p>\n<p>[\/et_pb_text][\/et_pb_column][et_pb_column type=&#8221;2_3&#8243; _builder_version=&#8221;3.0.47&#8243; parallax=&#8221;off&#8221; parallax_method=&#8221;on&#8221;][et_pb_text _builder_version=&#8221;3.0.53&#8243;]<\/p>\n<h1>Contact form<\/h1>\n<p>[\/et_pb_text][et_pb_code _builder_version=&#8221;3.0.53&#8243;]<p class=\"wpcf7-contact-form-not-found\"><strong>Error:<\/strong> Contact form not found.<\/p>[\/et_pb_code][\/et_pb_column][\/et_pb_row][\/et_pb_section]<\/p>\n","protected":false},"excerpt":{"rendered":"<p>[et_pb_section fb_built=&#8221;1&#8243; fullwidth=&#8221;on&#8221; _builder_version=&#8221;3.0.47&#8243;][et_pb_fullwidth_image src=&#8221;http:\/\/calvy.ch\/wp-content\/uploads\/contact.jpg&#8221; animation=&#8221;off&#8221; _builder_version=&#8221;3.0.53&#8243;] \u00a0 [\/et_pb_fullwidth_image][\/et_pb_section][et_pb_section fb_built=&#8221;1&#8243; _builder_version=&#8221;3.0.47&#8243;][et_pb_row custom_padding=&#8221;||0px|&#8221; background_position_1=&#8221;top_left&#8221; background_repeat_1=&#8221;no-repeat&#8221; _builder_version=&#8221;3.0.53&#8243;][et_pb_column type=&#8221;4_4&#8243; _builder_version=&#8221;3.0.47&#8243; parallax=&#8221;off&#8221; parallax_method=&#8221;on&#8221; background_position=&#8221;top_left&#8221; background_repeat=&#8221;no-repeat&#8221;][et_pb_text _builder_version=&#8221;3.0.53&#8243;] \u00a0 Contact us \u00a0 [\/et_pb_text][\/et_pb_column][\/et_pb_row][et_pb_row _builder_version=&#8221;3.0.47&#8243; background_size=&#8221;initial&#8221; background_position=&#8221;top_left&#8221; background_repeat=&#8221;repeat&#8221;][et_pb_column type=&#8221;1_3&#8243; _builder_version=&#8221;3.0.47&#8243; parallax=&#8221;off&#8221; parallax_method=&#8221;on&#8221;][et_pb_text _builder_version=&#8221;3.0.53&#8243; text_font_size=&#8221;20&#8243; text_line_height=&#8221;1.8em&#8221;] \u00a0 \u00a0 H\u00f4tel Calvy 5, ruelle du Midi 1207 Gen\u00e8ve T\u00e9l +41.22 718.16.16 Fax +41.22 718.16.70 \u00a0 [&hellip;]<\/p>\n","protected":false},"author":1,"featured_media":0,"parent":0,"menu_order":6,"comment_status":"closed","ping_status":"closed","template":"","meta":{"footnotes":""},"class_list":["post-530","page","type-page","status-publish","hentry"],"_links":{"self":[{"href":"https:\/\/calvy.ch\/en\/wp-json\/wp\/v2\/pages\/530","targetHints":{"allow":["GET"]}}],"collection":[{"href":"https:\/\/calvy.ch\/en\/wp-json\/wp\/v2\/pages"}],"about":[{"href":"https:\/\/calvy.ch\/en\/wp-json\/wp\/v2\/types\/page"}],"author":[{"embeddable":true,"href":"https:\/\/calvy.ch\/en\/wp-json\/wp\/v2\/users\/1"}],"replies":[{"embeddable":true,"href":"https:\/\/calvy.ch\/en\/wp-json\/wp\/v2\/comments?post=530"}],"version-history":[{"count":8,"href":"https:\/\/calvy.ch\/en\/wp-json\/wp\/v2\/pages\/530\/revisions"}],"predecessor-version":[{"id":718,"href":"https:\/\/calvy.ch\/en\/wp-json\/wp\/v2\/pages\/530\/revisions\/718"}],"wp:attachment":[{"href":"https:\/\/calvy.ch\/en\/wp-json\/wp\/v2\/media?parent=530"}],"curies":[{"name":"wp","href":"https:\/\/api.w.org\/{rel}","templated":true}]}}