{"id":604,"date":"2018-02-05T10:31:58","date_gmt":"2018-02-05T09:31:58","guid":{"rendered":"http:\/\/calvy.ch\/de\/?page_id=604"},"modified":"2018-02-05T10:33:30","modified_gmt":"2018-02-05T09:33:30","slug":"nebenraum","status":"publish","type":"page","link":"https:\/\/calvy.ch\/de\/zimmervermietung\/nebenraum\/","title":{"rendered":"Nebenraum"},"content":{"rendered":"<p>[et_pb_section bb_built=&#8221;1&#8243; fullwidth=&#8221;on&#8221; specialty=&#8221;off&#8221;][et_pb_fullwidth_image _builder_version=&#8221;3.0.53&#8243; src=&#8221;http:\/\/calvy.ch\/wp-content\/uploads\/IMG_2146-1600&#215;300.jpg&#8221; show_in_lightbox=&#8221;off&#8221; url_new_window=&#8221;off&#8221; use_overlay=&#8221;off&#8221; border_style=&#8221;solid&#8221; animation=&#8221;off&#8221; \/][\/et_pb_section][et_pb_section bb_built=&#8221;1&#8243;][et_pb_row][et_pb_column type=&#8221;4_4&#8243;][et_pb_text _builder_version=&#8221;3.0.53&#8243; background_layout=&#8221;light&#8221; text_orientation=&#8221;left&#8221; border_style=&#8221;solid&#8221;]<\/p>\n<h4>Nebenraum<\/h4>\n<p>Das angrenzende Zimmer ist durch eine Schiebet\u00fcr mit dem Restaurant verbunden.<\/p>\n<p>Nutzung des Zimmers: Familienessen, Firma, Gruppe, kleine Konferenz und Seminar.<br \/>\nKapazit\u00e4t f\u00fcr Mahlzeiten: ca. 6 Tische von 8 Personen.<\/p>\n<p>[\/et_pb_text][et_pb_gallery admin_label=&#8221;Galerie salle annexe&#8221; _builder_version=&#8221;3.0.53&#8243; show_title_and_caption=&#8221;off&#8221; show_pagination=&#8221;off&#8221; gallery_ids=&#8221;431&#8243; fullwidth=&#8221;off&#8221; orientation=&#8221;landscape&#8221; zoom_icon_color=&#8221;#daa520&#8243; hover_overlay_color=&#8221;rgba(255,255,255,0.9)&#8221; background_layout=&#8221;light&#8221; border_style=&#8221;solid&#8221; auto=&#8221;off&#8221; \/][et_pb_text admin_label=&#8221;Vue panoramique&#8221; _builder_version=&#8221;3.0.53&#8243; background_layout=&#8221;light&#8221; text_orientation=&#8221;left&#8221; border_style=&#8221;solid&#8221;]<\/p>\n<h3>Panoramablick<\/h3>\n<p>[\/et_pb_text][\/et_pb_column][\/et_pb_row][et_pb_row][et_pb_column type=&#8221;1_3&#8243;][et_pb_cta admin_label=&#8221;Action pano salle annexe&#8221; _builder_version=&#8221;3.0.53&#8243; button_text=&#8221;Nebenraum&#8221; button_url=&#8221;http:\/\/calvy.ch\/wp-content\/uploads\/panos\/restaurant-vue1.html&#8221; url_new_window=&#8221;on&#8221; use_background_color=&#8221;on&#8221; background_image=&#8221;http:\/\/calvy.ch\/wp-content\/uploads\/salle-annexe.jpg&#8221; background_layout=&#8221;dark&#8221; border_style=&#8221;solid&#8221; custom_button=&#8221;on&#8221; button_letter_spacing=&#8221;0&#8243; button_icon_placement=&#8221;right&#8221; button_letter_spacing_hover=&#8221;0&#8243; button_text_size=&#8221;12&#8243; button_bg_color=&#8221;#daa520&#8243; button_border_width=&#8221;0&#8243; custom_padding=&#8221;|3px||3px&#8221; saved_tabs=&#8221;all&#8221; \/][\/et_pb_column][et_pb_column type=&#8221;1_3&#8243;][\/et_pb_column][et_pb_column type=&#8221;1_3&#8243;][\/et_pb_column][\/et_pb_row][\/et_pb_section]<\/p>\n","protected":false},"excerpt":{"rendered":"<p>[et_pb_section bb_built=&#8221;1&#8243; fullwidth=&#8221;on&#8221; specialty=&#8221;off&#8221;][et_pb_fullwidth_image _builder_version=&#8221;3.0.53&#8243; src=&#8221;http:\/\/calvy.ch\/wp-content\/uploads\/IMG_2146-1600&#215;300.jpg&#8221; show_in_lightbox=&#8221;off&#8221; url_new_window=&#8221;off&#8221; use_overlay=&#8221;off&#8221; border_style=&#8221;solid&#8221; animation=&#8221;off&#8221; \/][\/et_pb_section][et_pb_section bb_built=&#8221;1&#8243;][et_pb_row][et_pb_column type=&#8221;4_4&#8243;][et_pb_text _builder_version=&#8221;3.0.53&#8243; background_layout=&#8221;light&#8221; text_orientation=&#8221;left&#8221; border_style=&#8221;solid&#8221;] Nebenraum Das angrenzende Zimmer ist durch eine Schiebet\u00fcr mit dem Restaurant verbunden. Nutzung des Zimmers: Familienessen, Firma, Gruppe, kleine Konferenz und Seminar. Kapazit\u00e4t f\u00fcr Mahlzeiten: ca. 6 Tische von 8 Personen. [\/et_pb_text][et_pb_gallery admin_label=&#8221;Galerie salle annexe&#8221; _builder_version=&#8221;3.0.53&#8243; show_title_and_caption=&#8221;off&#8221; [&hellip;]<\/p>\n","protected":false},"author":1,"featured_media":0,"parent":584,"menu_order":3,"comment_status":"closed","ping_status":"closed","template":"","meta":{"footnotes":""},"class_list":["post-604","page","type-page","status-publish","hentry"],"_links":{"self":[{"href":"https:\/\/calvy.ch\/de\/wp-json\/wp\/v2\/pages\/604","targetHints":{"allow":["GET"]}}],"collection":[{"href":"https:\/\/calvy.ch\/de\/wp-json\/wp\/v2\/pages"}],"about":[{"href":"https:\/\/calvy.ch\/de\/wp-json\/wp\/v2\/types\/page"}],"author":[{"embeddable":true,"href":"https:\/\/calvy.ch\/de\/wp-json\/wp\/v2\/users\/1"}],"replies":[{"embeddable":true,"href":"https:\/\/calvy.ch\/de\/wp-json\/wp\/v2\/comments?post=604"}],"version-history":[{"count":4,"href":"https:\/\/calvy.ch\/de\/wp-json\/wp\/v2\/pages\/604\/revisions"}],"predecessor-version":[{"id":609,"href":"https:\/\/calvy.ch\/de\/wp-json\/wp\/v2\/pages\/604\/revisions\/609"}],"up":[{"embeddable":true,"href":"https:\/\/calvy.ch\/de\/wp-json\/wp\/v2\/pages\/584"}],"wp:attachment":[{"href":"https:\/\/calvy.ch\/de\/wp-json\/wp\/v2\/media?parent=604"}],"curies":[{"name":"wp","href":"https:\/\/api.w.org\/{rel}","templated":true}]}}