{"id":589,"date":"2018-01-06T18:47:38","date_gmt":"2018-01-06T17:47:38","guid":{"rendered":"http:\/\/calvy.ch\/de\/?page_id=589"},"modified":"2018-02-05T10:19:40","modified_gmt":"2018-02-05T09:19:40","slug":"konferenzsall","status":"publish","type":"page","link":"https:\/\/calvy.ch\/de\/zimmervermietung\/konferenzsall\/","title":{"rendered":"Konferenzsall"},"content":{"rendered":"<p>[et_pb_section bb_built=&#8221;1&#8243; fullwidth=&#8221;on&#8221; specialty=&#8221;off&#8221;][et_pb_fullwidth_image _builder_version=&#8221;3.0.53&#8243; src=&#8221;http:\/\/calvy.ch\/wp-content\/uploads\/salle-conference-3.jpg&#8221; show_in_lightbox=&#8221;off&#8221; url_new_window=&#8221;off&#8221; use_overlay=&#8221;off&#8221; border_style=&#8221;solid&#8221; animation=&#8221;off&#8221; \/][\/et_pb_section][et_pb_section bb_built=&#8221;1&#8243;][et_pb_row _builder_version=&#8221;3.0.53&#8243; background_position_1=&#8221;top_left&#8221; background_repeat_1=&#8221;no-repeat&#8221; custom_padding=&#8221;||0px|&#8221;][et_pb_column type=&#8221;4_4&#8243;][et_pb_text admin_label=&#8221;Salle de conf\u00e9rences&#8221; _builder_version=&#8221;3.0.53&#8243; background_layout=&#8221;light&#8221; text_orientation=&#8221;left&#8221; border_style=&#8221;solid&#8221;]<\/p>\n<h1>Konferenzsall<\/h1>\n<p>[\/et_pb_text][\/et_pb_column][\/et_pb_row][et_pb_row][et_pb_column type=&#8221;2_3&#8243;][et_pb_text _builder_version=&#8221;3.0.53&#8243; background_layout=&#8221;light&#8221; text_orientation=&#8221;left&#8221; border_style=&#8221;solid&#8221;]<\/p>\n<p>Im Sall f\u00fcr Konferenzen, Sitzungen, Empf\u00e4nge, Seminare k\u00f6nnen bequem bis zu 50 Personen Platz finden. Preis auf Anfrag. <em>(Richtpreis: 100.- halber Tag)<\/em><\/p>\n<p>[\/et_pb_text][\/et_pb_column][et_pb_column type=&#8221;1_3&#8243;][et_pb_text admin_label=&#8221;Mat\u00e9riel&#8221; _builder_version=&#8221;3.0.53&#8243; background_layout=&#8221;light&#8221; text_orientation=&#8221;left&#8221; use_border_color=&#8221;on&#8221; border_color=&#8221;#daa520&#8243; border_style=&#8221;solid&#8221; custom_padding=&#8221;15px|10px|15px|20px&#8221;]<\/p>\n<h4>Ausstattung:<\/h4>\n<ul>\n<li>Overhead -Projektor<\/li>\n<li>Flipchart<\/li>\n<li>Beamer (auf Anfrage)<\/li>\n<li>WLAN (auf Anfrage)<\/li>\n<li>andere M\u00f6glichkeiten auf Anfrage<\/li>\n<\/ul>\n<p>[\/et_pb_text][\/et_pb_column][\/et_pb_row][et_pb_row][et_pb_column type=&#8221;4_4&#8243;][et_pb_gallery _builder_version=&#8221;3.0.53&#8243; show_title_and_caption=&#8221;off&#8221; show_pagination=&#8221;off&#8221; gallery_ids=&#8221;295,250&#8243; fullwidth=&#8221;off&#8221; orientation=&#8221;landscape&#8221; zoom_icon_color=&#8221;#daa520&#8243; hover_overlay_color=&#8221;rgba(255,255,255,0.9)&#8221; background_layout=&#8221;light&#8221; border_style=&#8221;solid&#8221; auto=&#8221;off&#8221; \/][\/et_pb_column][\/et_pb_row][et_pb_row][et_pb_column type=&#8221;4_4&#8243;][et_pb_text admin_label=&#8221;Vues panoramiques&#8221; _builder_version=&#8221;3.0.53&#8243; background_layout=&#8221;light&#8221; text_orientation=&#8221;left&#8221; border_style=&#8221;solid&#8221;]<\/p>\n<h3 style=\"text-align: center;\">Panoramablick<\/h3>\n<p>[\/et_pb_text][\/et_pb_column][\/et_pb_row][et_pb_row][et_pb_column type=&#8221;1_2&#8243;][et_pb_cta admin_label=&#8221;Action pano salle de conf\u00e9rences vue 1&#8243; _builder_version=&#8221;3.0.53&#8243; button_text=&#8221;Konferenzsall ansicht 1&#8243; button_url=&#8221;http:\/\/calvy.ch\/wp-content\/uploads\/panos\/conference-vue1.html&#8221; url_new_window=&#8221;on&#8221; use_background_color=&#8221;on&#8221; background_image=&#8221;http:\/\/calvy.ch\/wp-content\/uploads\/pano-salle-conferences-1.jpg&#8221; background_layout=&#8221;dark&#8221; border_style=&#8221;solid&#8221; custom_button=&#8221;on&#8221; button_letter_spacing=&#8221;0&#8243; button_icon_placement=&#8221;right&#8221; button_letter_spacing_hover=&#8221;0&#8243; button_text_size=&#8221;12&#8243; button_bg_color=&#8221;#daa520&#8243; button_border_width=&#8221;0&#8243; custom_padding=&#8221;|3px||3px&#8221; saved_tabs=&#8221;all&#8221; \/][\/et_pb_column][et_pb_column type=&#8221;1_2&#8243;][et_pb_cta admin_label=&#8221;Action pano salle de conf\u00e9rences vue 2&#8243; _builder_version=&#8221;3.0.53&#8243; button_text=&#8221;Konferenzsall ansicht 2&#8243; button_url=&#8221;http:\/\/calvy.ch\/wp-content\/uploads\/panos\/conference-vue2.html&#8221; url_new_window=&#8221;on&#8221; use_background_color=&#8221;on&#8221; background_image=&#8221;http:\/\/calvy.ch\/wp-content\/uploads\/pano-salle-conferences-2.jpg&#8221; background_layout=&#8221;dark&#8221; border_style=&#8221;solid&#8221; custom_button=&#8221;on&#8221; button_letter_spacing=&#8221;0&#8243; button_icon_placement=&#8221;right&#8221; button_letter_spacing_hover=&#8221;0&#8243; button_text_size=&#8221;12&#8243; button_bg_color=&#8221;#daa520&#8243; button_border_width=&#8221;0&#8243; custom_padding=&#8221;|3px||3px&#8221; saved_tabs=&#8221;all&#8221; \/][\/et_pb_column][\/et_pb_row][\/et_pb_section]<\/p>\n","protected":false},"excerpt":{"rendered":"<p>[et_pb_section bb_built=&#8221;1&#8243; fullwidth=&#8221;on&#8221; specialty=&#8221;off&#8221;][et_pb_fullwidth_image _builder_version=&#8221;3.0.53&#8243; src=&#8221;http:\/\/calvy.ch\/wp-content\/uploads\/salle-conference-3.jpg&#8221; show_in_lightbox=&#8221;off&#8221; url_new_window=&#8221;off&#8221; use_overlay=&#8221;off&#8221; border_style=&#8221;solid&#8221; animation=&#8221;off&#8221; \/][\/et_pb_section][et_pb_section bb_built=&#8221;1&#8243;][et_pb_row _builder_version=&#8221;3.0.53&#8243; background_position_1=&#8221;top_left&#8221; background_repeat_1=&#8221;no-repeat&#8221; custom_padding=&#8221;||0px|&#8221;][et_pb_column type=&#8221;4_4&#8243;][et_pb_text admin_label=&#8221;Salle de conf\u00e9rences&#8221; _builder_version=&#8221;3.0.53&#8243; background_layout=&#8221;light&#8221; text_orientation=&#8221;left&#8221; border_style=&#8221;solid&#8221;] Konferenzsall [\/et_pb_text][\/et_pb_column][\/et_pb_row][et_pb_row][et_pb_column type=&#8221;2_3&#8243;][et_pb_text _builder_version=&#8221;3.0.53&#8243; background_layout=&#8221;light&#8221; text_orientation=&#8221;left&#8221; border_style=&#8221;solid&#8221;] Im Sall f\u00fcr Konferenzen, Sitzungen, Empf\u00e4nge, Seminare k\u00f6nnen bequem bis zu 50 Personen Platz finden. Preis auf Anfrag. (Richtpreis: 100.- halber Tag) [\/et_pb_text][\/et_pb_column][et_pb_column [&hellip;]<\/p>\n","protected":false},"author":1,"featured_media":0,"parent":584,"menu_order":1,"comment_status":"closed","ping_status":"closed","template":"","meta":{"footnotes":""},"class_list":["post-589","page","type-page","status-publish","hentry"],"_links":{"self":[{"href":"https:\/\/calvy.ch\/de\/wp-json\/wp\/v2\/pages\/589","targetHints":{"allow":["GET"]}}],"collection":[{"href":"https:\/\/calvy.ch\/de\/wp-json\/wp\/v2\/pages"}],"about":[{"href":"https:\/\/calvy.ch\/de\/wp-json\/wp\/v2\/types\/page"}],"author":[{"embeddable":true,"href":"https:\/\/calvy.ch\/de\/wp-json\/wp\/v2\/users\/1"}],"replies":[{"embeddable":true,"href":"https:\/\/calvy.ch\/de\/wp-json\/wp\/v2\/comments?post=589"}],"version-history":[{"count":5,"href":"https:\/\/calvy.ch\/de\/wp-json\/wp\/v2\/pages\/589\/revisions"}],"predecessor-version":[{"id":596,"href":"https:\/\/calvy.ch\/de\/wp-json\/wp\/v2\/pages\/589\/revisions\/596"}],"up":[{"embeddable":true,"href":"https:\/\/calvy.ch\/de\/wp-json\/wp\/v2\/pages\/584"}],"wp:attachment":[{"href":"https:\/\/calvy.ch\/de\/wp-json\/wp\/v2\/media?parent=589"}],"curies":[{"name":"wp","href":"https:\/\/api.w.org\/{rel}","templated":true}]}}