{"id":550,"date":"2018-01-06T18:32:13","date_gmt":"2018-01-06T17:32:13","guid":{"rendered":"http:\/\/calvy.ch\/de\/?page_id=550"},"modified":"2018-02-05T10:50:45","modified_gmt":"2018-02-05T09:50:45","slug":"menu","status":"publish","type":"page","link":"https:\/\/calvy.ch\/de\/restaurant\/menu\/","title":{"rendered":"Menu"},"content":{"rendered":"<p>[et_pb_section bb_built=&#8221;1&#8243; fullwidth=&#8221;on&#8221; specialty=&#8221;off&#8221; disabled_on=&#8221;on|on|on&#8221; disabled=&#8221;on&#8221;][et_pb_fullwidth_image _builder_version=&#8221;3.0.53&#8243; src=&#8221;http:\/\/calvy.ch\/wp-content\/uploads\/menu.jpg&#8221; show_in_lightbox=&#8221;off&#8221; url_new_window=&#8221;off&#8221; use_overlay=&#8221;off&#8221; border_style=&#8221;solid&#8221; animation=&#8221;fade_in&#8221; \/][\/et_pb_section][et_pb_section bb_built=&#8221;1&#8243;][et_pb_row][et_pb_column type=&#8221;4_4&#8243;][et_pb_text admin_label=&#8221;Suggestions de menu&#8221; _builder_version=&#8221;3.0.53&#8243; background_layout=&#8221;light&#8221; text_orientation=&#8221;left&#8221; border_style=&#8221;solid&#8221;]<\/p>\n<h1>Menu<\/h1>\n<h3 class=\"title\">Vorschl\u00e4ge<\/h3>\n<ul>\n<li><em>Wir stehen Ihnen f\u00fcr Ihre pers\u00f6nlichen Men\u00fcs zur Verf\u00fcgung<\/em><\/li>\n<\/ul>\n<p>[\/et_pb_text][et_pb_blog admin_label=&#8221;Menu&#8221; _builder_version=&#8221;3.0.53&#8243; show_content=&#8221;on&#8221; offset_number=&#8221;0&#8243; show_thumbnail=&#8221;on&#8221; show_more=&#8221;off&#8221; show_author=&#8221;off&#8221; show_date=&#8221;off&#8221; show_categories=&#8221;off&#8221; show_comments=&#8221;off&#8221; show_pagination=&#8221;off&#8221; fullwidth=&#8221;off&#8221; use_dropshadow=&#8221;off&#8221; use_overlay=&#8221;off&#8221; background_layout=&#8221;light&#8221; border_style=&#8221;solid&#8221; posts_number=&#8221;99&#8243; \/][\/et_pb_column][\/et_pb_row][\/et_pb_section]<\/p>\n","protected":false},"excerpt":{"rendered":"<p>[et_pb_section bb_built=&#8221;1&#8243; fullwidth=&#8221;on&#8221; specialty=&#8221;off&#8221; disabled_on=&#8221;on|on|on&#8221; disabled=&#8221;on&#8221;][et_pb_fullwidth_image _builder_version=&#8221;3.0.53&#8243; src=&#8221;http:\/\/calvy.ch\/wp-content\/uploads\/menu.jpg&#8221; show_in_lightbox=&#8221;off&#8221; url_new_window=&#8221;off&#8221; use_overlay=&#8221;off&#8221; border_style=&#8221;solid&#8221; animation=&#8221;fade_in&#8221; \/][\/et_pb_section][et_pb_section bb_built=&#8221;1&#8243;][et_pb_row][et_pb_column type=&#8221;4_4&#8243;][et_pb_text admin_label=&#8221;Suggestions de menu&#8221; _builder_version=&#8221;3.0.53&#8243; background_layout=&#8221;light&#8221; text_orientation=&#8221;left&#8221; border_style=&#8221;solid&#8221;] Menu Vorschl\u00e4ge Wir stehen Ihnen f\u00fcr Ihre pers\u00f6nlichen Men\u00fcs zur Verf\u00fcgung [\/et_pb_text][et_pb_blog admin_label=&#8221;Menu&#8221; _builder_version=&#8221;3.0.53&#8243; show_content=&#8221;on&#8221; offset_number=&#8221;0&#8243; show_thumbnail=&#8221;on&#8221; show_more=&#8221;off&#8221; show_author=&#8221;off&#8221; show_date=&#8221;off&#8221; show_categories=&#8221;off&#8221; show_comments=&#8221;off&#8221; show_pagination=&#8221;off&#8221; fullwidth=&#8221;off&#8221; use_dropshadow=&#8221;off&#8221; use_overlay=&#8221;off&#8221; background_layout=&#8221;light&#8221; border_style=&#8221;solid&#8221; posts_number=&#8221;99&#8243; \/][\/et_pb_column][\/et_pb_row][\/et_pb_section]<\/p>\n","protected":false},"author":1,"featured_media":0,"parent":546,"menu_order":0,"comment_status":"closed","ping_status":"closed","template":"","meta":{"footnotes":""},"class_list":["post-550","page","type-page","status-publish","hentry"],"_links":{"self":[{"href":"https:\/\/calvy.ch\/de\/wp-json\/wp\/v2\/pages\/550","targetHints":{"allow":["GET"]}}],"collection":[{"href":"https:\/\/calvy.ch\/de\/wp-json\/wp\/v2\/pages"}],"about":[{"href":"https:\/\/calvy.ch\/de\/wp-json\/wp\/v2\/types\/page"}],"author":[{"embeddable":true,"href":"https:\/\/calvy.ch\/de\/wp-json\/wp\/v2\/users\/1"}],"replies":[{"embeddable":true,"href":"https:\/\/calvy.ch\/de\/wp-json\/wp\/v2\/comments?post=550"}],"version-history":[{"count":4,"href":"https:\/\/calvy.ch\/de\/wp-json\/wp\/v2\/pages\/550\/revisions"}],"predecessor-version":[{"id":629,"href":"https:\/\/calvy.ch\/de\/wp-json\/wp\/v2\/pages\/550\/revisions\/629"}],"up":[{"embeddable":true,"href":"https:\/\/calvy.ch\/de\/wp-json\/wp\/v2\/pages\/546"}],"wp:attachment":[{"href":"https:\/\/calvy.ch\/de\/wp-json\/wp\/v2\/media?parent=550"}],"curies":[{"name":"wp","href":"https:\/\/api.w.org\/{rel}","templated":true}]}}