{"id":537,"date":"2017-12-21T13:47:39","date_gmt":"2017-12-21T12:47:39","guid":{"rendered":"http:\/\/calvy.ch\/de\/?page_id=537"},"modified":"2026-03-05T15:37:39","modified_gmt":"2026-03-05T14:37:39","slug":"startseite","status":"publish","type":"page","link":"https:\/\/calvy.ch\/de\/","title":{"rendered":"Startseite"},"content":{"rendered":"<p>[et_pb_section fb_built=&#8221;1&#8243; custom_padding=&#8221;||2em|&#8221; fullwidth=&#8221;on&#8221; _builder_version=&#8221;3.0.53&#8243;][et_pb_fullwidth_slider auto=&#8221;on&#8221; auto_speed=&#8221;1000&#8243; background_position=&#8221;top_left&#8221; admin_label=&#8221;Fullwidth Slider&#8221; _builder_version=&#8221;3.0.53&#8243; header_line_height=&#8221;2em&#8221;][et_pb_slide heading=&#8221;Calvy Hotel&#8221; background_image=&#8221;http:\/\/calvy.ch\/wp-content\/uploads\/IMG_2405.jpg&#8221; background_position=&#8221;top_left&#8221; use_bg_overlay=&#8221;off&#8221; use_text_overlay=&#8221;on&#8221; admin_title=&#8221;h\u00f4tel&#8221; _builder_version=&#8221;3.0.47&#8243; header_font=&#8221;|on|||&#8221; body_font=&#8221;||||&#8221; custom_button=&#8221;off&#8221; button_icon_placement=&#8221;right&#8221; button_on_hover=&#8221;on&#8221;]<\/p>\n<p>Mitten in der Stadt gelegen, geniessen Sie hier dennoch die Ruhe und den Charme einer l\u00e4ndlichen Umgebung.<\/p>\n<p>[\/et_pb_slide][\/et_pb_fullwidth_slider][\/et_pb_section][et_pb_section fb_built=&#8221;1&#8243; custom_padding=&#8221;1em|||&#8221; specialty=&#8221;on&#8221; background_position_1=&#8221;top_left&#8221; background_position_2=&#8221;top_left&#8221; background_repeat_1=&#8221;no-repeat&#8221; background_repeat_2=&#8221;no-repeat&#8221; _builder_version=&#8221;3.0.53&#8243;][et_pb_column type=&#8221;1_2&#8243; _builder_version=&#8221;3.0.47&#8243; background_position=&#8221;top_left&#8221; background_repeat=&#8221;no-repeat&#8221;][et_pb_text admin_label=&#8221;Description&#8221; _builder_version=&#8221;3.0.53&#8243; background_size=&#8221;initial&#8221; background_position=&#8221;top_left&#8221; background_repeat=&#8221;repeat&#8221;]<\/p>\n<p><strong style=\"color: #333333; font-size: 30px;\">CALVY HOTEL GENF<\/strong><\/p>\n<header class=\"entry-header\">Mitten in der Stadt gelegen, geniessen Sie hier dennoch die Ruhe und den Charme einer l\u00e4ndlichen Umgebung. In nur 500m Entfernung liegen der See, die Altstadt, die Banken, zahlreiche Restaurants, Nachtleben, Kinos, usw.<\/header>\n<p>&nbsp;<\/p>\n<p>[\/et_pb_text][et_pb_text admin_label=&#8221;Prestations \/ services&#8221; _builder_version=&#8221;3.0.53&#8243;]<\/p>\n<h4>DIENSTLEISTUNGEN<\/h4>\n<ul>\n<li>3 Sterne Hotel<\/li>\n<li>31 Zimmer auf 4 Etagen<\/li>\n<li>Ein Bankettsaal f\u00fcr bis zu 100 Personen<\/li>\n<li>Ein Konferenzraum f\u00fcr bis zu 50 Personen<\/li>\n<li>Fr\u00fchst\u00fccksraum im Erdgeschoss, mit Terrasse<\/li>\n<li>Fr\u00fchst\u00fcck im Zimmer (Option)<\/li>\n<li>Restaurant ge\u00f6ffnet 7\/7<\/li>\n<\/ul>\n<p>[\/et_pb_text][\/et_pb_column][et_pb_column type=&#8221;1_2&#8243; specialty_columns=&#8221;2&#8243; _builder_version=&#8221;3.0.47&#8243; background_position=&#8221;top_left&#8221; background_repeat=&#8221;no-repeat&#8221;][et_pb_row_inner admin_label=&#8221;Row&#8221; _builder_version=&#8221;3.0.47&#8243;][et_pb_column_inner type=&#8221;4_4&#8243; saved_specialty_column_type=&#8221;1_2&#8243; _builder_version=&#8221;3.0.47&#8243; parallax=&#8221;off&#8221; parallax_method=&#8221;on&#8221;][et_pb_code _builder_version=&#8221;3.0.53&#8243;]&lt;iframe src=&quot;https:\/\/www.google.com\/maps\/embed?pb=!1m18!1m12!1m3!1d2759.6707744552928!2d6.155073076849409!3d46.20049797109559!2m3!1f0!2f0!3f0!3m2!1i1024!2i768!4f13.1!3m3!1m2!1s0x478c65340d31d9f9%3A0xa1e484d2bd1407cb!2sCalvy!5e0!3m2!1sfr!2sch!4v1772721310845!5m2!1sfr!2sch&quot; width=&quot;600&quot; height=&quot;300&quot; style=&quot;border:0;&quot; allowfullscreen=&quot;&quot; loading=&quot;lazy&quot; referrerpolicy=&quot;no-referrer-when-downgrade&quot;&gt;&lt;\/iframe&gt;[\/et_pb_code][et_pb_button button_url=&#8221;https:\/\/reservations.hotel-spider.com\/01q577d1980c5b77&#8243; url_new_window=&#8221;on&#8221; button_text=&#8221;Online-Buchung&#8221; button_alignment=&#8221;left&#8221; background_layout=&#8221;dark&#8221; admin_label=&#8221;Online-Buchung&#8221; _builder_version=&#8221;3.0.53&#8243; custom_button=&#8221;on&#8221; button_text_color=&#8221;#ffffff&#8221; button_bg_color=&#8221;#daa520&#8243; button_border_radius=&#8221;6&#8243; button_font=&#8221;|on|||&#8221; button_use_icon=&#8221;on&#8221; button_on_hover=&#8221;off&#8221; background_color=&#8221;#daa520&#8243;][\/et_pb_button][et_pb_button button_url=&#8221;http:\/\/calvy.ch\/\/de\/kontakt\/&#8221; button_text=&#8221;&#8230; oder kontaktieren Sie uns!&#8221; button_alignment=&#8221;left&#8221; admin_label=&#8221;Bouton contact&#8221; _builder_version=&#8221;3.0.53&#8243; custom_button=&#8221;on&#8221; button_text_color=&#8221;#daa520&#8243; button_border_color=&#8221;#daa520&#8243; button_use_icon=&#8221;off&#8221; button_text_color_hover=&#8221;#ffffff&#8221; button_bg_color_hover=&#8221;#daa520&#8243; background_color=&#8221;#daa520&#8243;][\/et_pb_button][\/et_pb_column_inner][\/et_pb_row_inner][\/et_pb_column][\/et_pb_section][et_pb_section fb_built=&#8221;1&#8243; _builder_version=&#8221;3.0.47&#8243;][et_pb_row admin_label=&#8221;Row&#8221; _builder_version=&#8221;3.0.47&#8243; background_size=&#8221;initial&#8221; background_position=&#8221;top_left&#8221; background_repeat=&#8221;repeat&#8221;][et_pb_column type=&#8221;1_4&#8243; _builder_version=&#8221;3.0.47&#8243; parallax=&#8221;off&#8221; parallax_method=&#8221;on&#8221;][et_pb_blurb title=&#8221;Hotel&#8221; url=&#8221;http:\/\/calvy.ch\/\/de\/hotel\/&#8221; image=&#8221;http:\/\/calvy.ch\/wp-content\/uploads\/IMG_2405.jpg&#8221; animation=&#8221;off&#8221; admin_label=&#8221;Hotel&#8221; _builder_version=&#8221;3.0.53&#8243; background_size=&#8221;initial&#8221; background_position=&#8221;top_left&#8221; background_repeat=&#8221;repeat&#8221;]<\/p>\n<p>Mitten in der Stadt gelegen, geniessen Sie hier dennoch die Ruhe und den Charme einer l\u00e4ndlichen Umgebung.<\/p>\n<p>[\/et_pb_blurb][\/et_pb_column][et_pb_column type=&#8221;1_4&#8243; _builder_version=&#8221;3.0.47&#8243; parallax=&#8221;off&#8221; parallax_method=&#8221;on&#8221;][et_pb_blurb title=&#8221;Restaurant&#8221; url=&#8221;http:\/\/calvy.ch\/\/de\/restaurant\/&#8221; image=&#8221;http:\/\/calvy.ch\/wp-content\/uploads\/IMG_7346.jpg&#8221; animation=&#8221;off&#8221; admin_label=&#8221;Restaurant&#8221; _builder_version=&#8221;3.0.53&#8243; background_size=&#8221;initial&#8221; background_position=&#8221;top_left&#8221; background_repeat=&#8221;repeat&#8221;]<\/p>\n<p>Ge\u00f6ffnet 7\/7 von 7 bis 12 Uhr<\/p>\n<p>[\/et_pb_blurb][\/et_pb_column][et_pb_column type=&#8221;1_4&#8243; _builder_version=&#8221;3.0.47&#8243; parallax=&#8221;off&#8221; parallax_method=&#8221;on&#8221;][et_pb_blurb title=&#8221;Konferenzsall&#8221; url=&#8221;http:\/\/calvy.ch\/\/de\/zimmervermietung\/konferenzsall\/&#8221; image=&#8221;http:\/\/calvy.ch\/wp-content\/uploads\/IMG_7352.jpg&#8221; animation=&#8221;off&#8221; admin_label=&#8221;Salle de conf\u00e9rence&#8221; _builder_version=&#8221;3.0.53&#8243;]<\/p>\n<p>Im Sall f\u00fcr Konferenzen, Sitzungen, Empf\u00e4nge, Seminare k\u00f6nnen bequem bis zu 50 Personen Platz finden.<\/p>\n<p>[\/et_pb_blurb][\/et_pb_column][et_pb_column type=&#8221;1_4&#8243; _builder_version=&#8221;3.0.47&#8243; parallax=&#8221;off&#8221; parallax_method=&#8221;on&#8221;][et_pb_blurb title=&#8221;La Sc\u00e8ne&#8221; url=&#8221;http:\/\/calvy.ch\/\/de\/zimmervermietung\/la-scene\/&#8221; image=&#8221;http:\/\/calvy.ch\/wp-content\/uploads\/7342.jpg&#8221; animation=&#8221;off&#8221; admin_label=&#8221;La Sc\u00e8ne&#8221; _builder_version=&#8221;3.0.53&#8243;]<\/p>\n<p>Wir bieten regelm\u00e4\u00dfig Shows und organisieren Ihre Hochzeiten, Kommunionen, Cocktails, Bankette, Seminare usw. (bis zu 100 Personen).<\/p>\n<p>[\/et_pb_blurb][\/et_pb_column][\/et_pb_row][\/et_pb_section]<\/p>\n","protected":false},"excerpt":{"rendered":"<p>[et_pb_section fb_built=&#8221;1&#8243; custom_padding=&#8221;||2em|&#8221; fullwidth=&#8221;on&#8221; _builder_version=&#8221;3.0.53&#8243;][et_pb_fullwidth_slider auto=&#8221;on&#8221; auto_speed=&#8221;1000&#8243; background_position=&#8221;top_left&#8221; admin_label=&#8221;Fullwidth Slider&#8221; _builder_version=&#8221;3.0.53&#8243; header_line_height=&#8221;2em&#8221;][et_pb_slide heading=&#8221;Calvy Hotel&#8221; background_image=&#8221;http:\/\/calvy.ch\/wp-content\/uploads\/IMG_2405.jpg&#8221; background_position=&#8221;top_left&#8221; use_bg_overlay=&#8221;off&#8221; use_text_overlay=&#8221;on&#8221; admin_title=&#8221;h\u00f4tel&#8221; _builder_version=&#8221;3.0.47&#8243; header_font=&#8221;|on|||&#8221; body_font=&#8221;||||&#8221; custom_button=&#8221;off&#8221; button_icon_placement=&#8221;right&#8221; button_on_hover=&#8221;on&#8221;] Mitten in der Stadt gelegen, geniessen Sie hier dennoch die Ruhe und den Charme einer l\u00e4ndlichen Umgebung. [\/et_pb_slide][\/et_pb_fullwidth_slider][\/et_pb_section][et_pb_section fb_built=&#8221;1&#8243; custom_padding=&#8221;1em|||&#8221; specialty=&#8221;on&#8221; background_position_1=&#8221;top_left&#8221; background_position_2=&#8221;top_left&#8221; background_repeat_1=&#8221;no-repeat&#8221; background_repeat_2=&#8221;no-repeat&#8221; _builder_version=&#8221;3.0.53&#8243;][et_pb_column type=&#8221;1_2&#8243; _builder_version=&#8221;3.0.47&#8243; background_position=&#8221;top_left&#8221; background_repeat=&#8221;no-repeat&#8221;][et_pb_text [&hellip;]<\/p>\n","protected":false},"author":1,"featured_media":0,"parent":0,"menu_order":0,"comment_status":"closed","ping_status":"closed","template":"","meta":{"footnotes":""},"class_list":["post-537","page","type-page","status-publish","hentry"],"_links":{"self":[{"href":"https:\/\/calvy.ch\/de\/wp-json\/wp\/v2\/pages\/537","targetHints":{"allow":["GET"]}}],"collection":[{"href":"https:\/\/calvy.ch\/de\/wp-json\/wp\/v2\/pages"}],"about":[{"href":"https:\/\/calvy.ch\/de\/wp-json\/wp\/v2\/types\/page"}],"author":[{"embeddable":true,"href":"https:\/\/calvy.ch\/de\/wp-json\/wp\/v2\/users\/1"}],"replies":[{"embeddable":true,"href":"https:\/\/calvy.ch\/de\/wp-json\/wp\/v2\/comments?post=537"}],"version-history":[{"count":7,"href":"https:\/\/calvy.ch\/de\/wp-json\/wp\/v2\/pages\/537\/revisions"}],"predecessor-version":[{"id":706,"href":"https:\/\/calvy.ch\/de\/wp-json\/wp\/v2\/pages\/537\/revisions\/706"}],"wp:attachment":[{"href":"https:\/\/calvy.ch\/de\/wp-json\/wp\/v2\/media?parent=537"}],"curies":[{"name":"wp","href":"https:\/\/api.w.org\/{rel}","templated":true}]}}